{"id":2606,"date":"2023-04-26T11:31:10","date_gmt":"2023-04-26T11:31:10","guid":{"rendered":"http:\/\/www.gemcat.eu\/?page_id=2606"},"modified":"2023-04-27T18:59:29","modified_gmt":"2023-04-27T18:59:29","slug":"proyecto-capitaliza","status":"publish","type":"page","link":"https:\/\/www.gemcat.eu\/gal\/proyecto-capitaliza\/","title":{"rendered":"Proxecto Capitaliza"},"content":{"rendered":"<section class=\"wpb-content-wrapper\"><p>[vc_row css_animation=&#8221;&#8221; row_type=&#8221;row&#8221; use_row_as_full_screen_section=&#8221;no&#8221; type=&#8221;full_width&#8221; angled_section=&#8221;no&#8221; text_align=&#8221;center&#8221; background_image_as_pattern=&#8221;without_pattern&#8221; z_index=&#8221;&#8221;][vc_column offset=&#8221;vc_hidden-xs&#8221;][vc_empty_space height=&#8221;142px&#8221;][\/vc_column][\/vc_row][vc_row css_animation=&#8221;&#8221; row_type=&#8221;row&#8221; use_row_as_full_screen_section=&#8221;no&#8221; type=&#8221;full_width&#8221; angled_section=&#8221;no&#8221; text_align=&#8221;center&#8221; background_image_as_pattern=&#8221;without_pattern&#8221; z_index=&#8221;&#8221; css=&#8221;.vc_custom_1682505406330{background-color: #e7185b !important;}&#8221; el_class=&#8221;titulo_flecha&#8221;][vc_column][vc_row_inner row_type=&#8221;row&#8221; type=&#8221;full_width&#8221; text_align=&#8221;center&#8221; css_animation=&#8221;&#8221; animation_in_type=&#8221;transition.fadeIn&#8221; animation_in_offset=&#8221;100&#8243; animation_in_duration=&#8221;200&#8243; animation_in_delay=&#8221;0&#8243;][vc_column_inner]<div id=\"mpc_textblock-2369e311c10aadb\" class=\"mpc-textblock mpc-init \"><p><strong>Proxecto<\/strong><\/p>\n<\/div>[\/vc_column_inner][\/vc_row_inner][\/vc_column][\/vc_row][vc_row css_animation=&#8221;&#8221; row_type=&#8221;row&#8221; use_row_as_full_screen_section=&#8221;no&#8221; type=&#8221;full_width&#8221; angled_section=&#8221;no&#8221; text_align=&#8221;center&#8221; background_image_as_pattern=&#8221;without_pattern&#8221; z_index=&#8221;&#8221;][vc_column][vc_row_inner row_type=&#8221;row&#8221; type=&#8221;full_width&#8221; text_align=&#8221;center&#8221; css_animation=&#8221;&#8221; animation_in_type=&#8221;transition.fadeIn&#8221; animation_in_offset=&#8221;100&#8243; animation_in_duration=&#8221;200&#8243; animation_in_delay=&#8221;0&#8243; css=&#8221;.vc_custom_1682496952523{background-image: url(http:\/\/www.gemcat.eu\/wp-content\/uploads\/2023\/04\/fondo.jpg?id=2619) !important;background-position: center !important;background-repeat: no-repeat !important;background-size: cover !important;}&#8221;][vc_column_inner][vc_empty_space height=&#8221;300&#8243;][\/vc_column_inner][\/vc_row_inner][\/vc_column][\/vc_row][vc_row css_animation=&#8221;&#8221; row_type=&#8221;row&#8221; use_row_as_full_screen_section=&#8221;no&#8221; type=&#8221;full_width&#8221; angled_section=&#8221;no&#8221; text_align=&#8221;center&#8221; background_image_as_pattern=&#8221;without_pattern&#8221; z_index=&#8221;&#8221; css=&#8221;.vc_custom_1682506193603{padding-top: 70px !important;padding-bottom: 70px !important;background-color: #ffffff !important;background-position: center !important;background-repeat: no-repeat !important;background-size: cover !important;}&#8221; el_class=&#8221;proyecto&#8221;][vc_column][vc_row_inner row_type=&#8221;row&#8221; type=&#8221;grid&#8221; text_align=&#8221;center&#8221; css_animation=&#8221;&#8221; animation_in_type=&#8221;transition.fadeIn&#8221; animation_in_offset=&#8221;100&#8243; animation_in_duration=&#8221;200&#8243; animation_in_delay=&#8221;0&#8243;][vc_column_inner]<div id=\"mpc_textblock-8869e311c10ac2c\" class=\"mpc-textblock mpc-init \"><h1><strong>GEMCAT_Capitaliza<\/strong><\/h1>\n<\/div><div id=\"mpc_textblock-1069e311c10acc5\" class=\"mpc-textblock mpc-init cookies\"><p>Capitalizaci\u00f3n de GEMCAT promovendo medidas de igualdade laboral e RSE nas empresas para impulsar a Xeraci\u00f3n de Emprego Transfronteirizo de Calidade.<\/p>\n<\/div>[vc_empty_space height=&#8221;35&#8243;][\/vc_column_inner][\/vc_row_inner][vc_row_inner row_type=&#8221;row&#8221; type=&#8221;grid&#8221; text_align=&#8221;center&#8221; css_animation=&#8221;&#8221; animation_in_type=&#8221;transition.fadeIn&#8221; animation_in_offset=&#8221;100&#8243; animation_in_duration=&#8221;200&#8243; animation_in_delay=&#8221;0&#8243; css=&#8221;.vc_custom_1682506206912{background-color: #f5f5f5 !important;}&#8221;][vc_column_inner]<div id=\"mpc_textblock-3469e311c10ad53\" class=\"mpc-textblock mpc-init equ_width_uno\"><h3 style=\"margin: 0; background: #e7185b; padding: 15px 25px; display: inline-block;\"><span style=\"color: #ffffff;\"><strong>eixe 4<\/strong><\/span><\/h3>\n<\/div><div id=\"mpc_textblock-9669e311c10add8\" class=\"mpc-textblock mpc-init cookies\"><div id=\"mpc_textblock-575bb23bc058f51\" class=\"mpc-textblock titulos mpc-inited\">\n<p>Mellora da capacidade institucional e da eficiencia da administraci\u00f3n p\u00fablica mediante a cooperaci\u00f3n transfronteiriza.<\/p>\n<\/div>\n<\/div>[vc_empty_space height=&#8221;35&#8243;][\/vc_column_inner][\/vc_row_inner][vc_row_inner row_type=&#8221;row&#8221; type=&#8221;grid&#8221; text_align=&#8221;center&#8221; css_animation=&#8221;&#8221; animation_in_type=&#8221;transition.fadeIn&#8221; animation_in_offset=&#8221;100&#8243; animation_in_duration=&#8221;200&#8243; animation_in_delay=&#8221;0&#8243;][vc_column_inner]<div id=\"mpc_textblock-569e311c10ae57\" class=\"mpc-textblock mpc-init equ_width_uno\"><h3 style=\"margin: 0; background: #e7185b; padding: 15px 25px; display: inline-block;\"><span style=\"color: #ffffff;\"><strong> Obxectivo <\/strong><\/span><\/h3>\n<\/div><div id=\"mpc_textblock-869e311c10af3e\" class=\"mpc-textblock mpc-init cookies\"><p>Capitalizar e transferir os resultados de 345_ GEMCAT_6_E (Xeraci\u00f3n de Emprego de Calidade Transfronteirizo), concretamente da acci\u00f3n \u201cCompromiso social por un emprego de calidade e sostible\u201d, mediante novas acci\u00f3ns potenciadoras de medidas de igualdade laboral e de RSE, mediante:<\/p>\n<\/div>[\/vc_column_inner][\/vc_row_inner][vc_row_inner row_type=&#8221;row&#8221; type=&#8221;full_width&#8221; text_align=&#8221;center&#8221; css_animation=&#8221;&#8221; css=&#8221;.vc_custom_1682505527347{margin-top: 30px !important;}&#8221;][vc_column_inner width=&#8221;1\/6&#8243;][\/vc_column_inner][vc_column_inner width=&#8221;2\/3&#8243;]<div data-id=\"mpc_icon_column-4469e311c10b053\" class=\"mpc-icon-column mpc-init mpc-parent-hover mpc-transition mpc-icon-column--style_1 mpc-align--center \" ><div data-id=\"mpc_icon-4269e311c10b08d\" class=\"mpc-icon mpc-init mpc-transition mpc-effect-fade mpc-icon-hover mpc-icon--character \"><div class=\"mpc-icon-wrap\"><i class=\"mpc-icon-part mpc-regular mpc-transition \">01<\/i><i class=\"mpc-icon-part mpc-hover mpc-transition \">01<\/i><\/div><\/div><div class=\"mpc-icon-column__content-wrap\"><div class=\"mpc-icon-column__content\"><h3 class=\"mpc-icon-column__heading mpc-transition\"><b>Transferencia<\/b><\/h3><div class=\"mpc-icon-column__description mpc-transition\"><p>Transferencia de co\u00f1ecemento en materia de RSE+I cara \u00e1s pemes a trav\u00e9s dun espazo virtual transfronteirizo piloto<\/p>\n<\/div><\/div><\/div><\/div><div data-id=\"mpc_icon_column-1669e311c10b14f\" class=\"mpc-icon-column mpc-init mpc-parent-hover mpc-transition mpc-icon-column--style_1 mpc-align--center \" ><div data-id=\"mpc_icon-3469e311c10b176\" class=\"mpc-icon mpc-init mpc-transition mpc-effect-fade mpc-icon-hover mpc-icon--character \"><div class=\"mpc-icon-wrap\"><i class=\"mpc-icon-part mpc-regular mpc-transition \">02<\/i><i class=\"mpc-icon-part mpc-hover mpc-transition \">02<\/i><\/div><\/div><div class=\"mpc-icon-column__content-wrap\"><div class=\"mpc-icon-column__content\"><h3 class=\"mpc-icon-column__heading mpc-transition\"><b>Identificaci\u00f3n<\/b><\/h3><div class=\"mpc-icon-column__description mpc-transition\"><p>C\u00edrculos de traballo con empresas para identificar melloras na promoci\u00f3n de medidas RSE+I<\/p>\n<\/div><\/div><\/div><\/div><div data-id=\"mpc_icon_column-1969e311c10b21b\" class=\"mpc-icon-column mpc-init mpc-parent-hover mpc-transition mpc-icon-column--style_1 mpc-align--center \" ><div data-id=\"mpc_icon-3169e311c10b23f\" class=\"mpc-icon mpc-init mpc-transition mpc-effect-fade mpc-icon-hover mpc-icon--character \"><div class=\"mpc-icon-wrap\"><i class=\"mpc-icon-part mpc-regular mpc-transition \">03<\/i><i class=\"mpc-icon-part mpc-hover mpc-transition \">03<\/i><\/div><\/div><div class=\"mpc-icon-column__content-wrap\"><div class=\"mpc-icon-column__content\"><h3 class=\"mpc-icon-column__heading mpc-transition\"><b>Divulgaci\u00f3n<\/b><\/h3><div class=\"mpc-icon-column__description mpc-transition\"><p>Divulgar os resultados e conclusi\u00f3ns xerados para un futuro proxecto POCTEP 2021-2027 encadrado no OP 4, Prioridade 5, destinado a promover a implantaci\u00f3n de medidas RSE+I en empresas e contribu\u00edr a potenciar o emprego de calidade.<\/p>\n<\/div><\/div><\/div><\/div>[vc_empty_space height=&#8221;35&#8243;][\/vc_column_inner][vc_column_inner width=&#8221;1\/6&#8243;][\/vc_column_inner][\/vc_row_inner][vc_row_inner row_type=&#8221;row&#8221; type=&#8221;grid&#8221; text_align=&#8221;center&#8221; css_animation=&#8221;&#8221; animation_in_type=&#8221;transition.fadeIn&#8221; animation_in_offset=&#8221;100&#8243; animation_in_duration=&#8221;200&#8243; animation_in_delay=&#8221;0&#8243; css=&#8221;.vc_custom_1682506220188{background-color: #f5f5f5 !important;}&#8221;][vc_column_inner]<div id=\"mpc_textblock-8769e311c10b2fe\" class=\"mpc-textblock mpc-init equ_width_uno\"><h3 style=\"margin: 0; background: #e7185b; padding: 15px 25px; display: inline-block;\"><span style=\"color: #ffffff;\"><strong>Resultados esperados<\/strong><\/span><\/h3>\n<\/div><div id=\"mpc_textblock-3969e311c10b3b3\" class=\"mpc-textblock mpc-init cookies\"><div id=\"mpc_textblock-575bb23bc058f51\" class=\"mpc-textblock titulos mpc-inited\">\n<p class=\"Default\">Os principais resultados son:<\/p>\n<\/div>\n<\/div>[vc_empty_space height=&#8221;35&#8243;][\/vc_column_inner][\/vc_row_inner][vc_row_inner row_type=&#8221;row&#8221; type=&#8221;grid&#8221; text_align=&#8221;left&#8221; css_animation=&#8221;&#8221; css=&#8221;.vc_custom_1682506332789{padding-bottom: 35px !important;background-color: #f5f5f5 !important;}&#8221;][vc_column_inner width=&#8221;1\/3&#8243;]<div data-id=\"mpc_icon_column-6669e311c10b47a\" class=\"mpc-icon-column mpc-init mpc-parent-hover mpc-transition mpc-icon-column--style_3 mpc-align--left \" ><div data-id=\"mpc_icon-6469e311c10b4a9\" class=\"mpc-icon mpc-init mpc-transition mpc-effect-fade \"><div class=\"mpc-icon-wrap\"><i class=\"mpc-icon-part mpc-regular mpc-transition  etl etl-browser\"><\/i><\/div><\/div><div class=\"mpc-icon-column__content-wrap\"><div class=\"mpc-icon-column__content\"><h3 class=\"mpc-icon-column__heading mpc-transition\"><b>plataforma virtual transfronteiriza<\/b><\/h3><div class=\"mpc-icon-column__description mpc-transition\"><p>Testar unha plataforma virtual transfronteiriza de co\u00f1ecemento e formaci\u00f3n, co obxectivo de crear o futuro Campus de Igualdade Laboral Ib\u00e9rico que mellorar\u00eda a eficacia e o car\u00e1cter inclusivo dos mercados de traballo e o acceso ao emprego de calidade, tal e como recolle o OP4, e concretamente o OE 4.1<\/p>\n<\/div><\/div><\/div><\/div>[\/vc_column_inner][vc_column_inner width=&#8221;1\/3&#8243;]<div data-id=\"mpc_icon_column-3169e311c10b552\" class=\"mpc-icon-column mpc-init mpc-parent-hover mpc-transition mpc-icon-column--style_3 mpc-align--left \" ><div data-id=\"mpc_icon-7069e311c10b575\" class=\"mpc-icon mpc-init mpc-transition mpc-effect-fade \"><div class=\"mpc-icon-wrap\"><i class=\"mpc-icon-part mpc-regular mpc-transition  etl etl-target\"><\/i><\/div><\/div><div class=\"mpc-icon-column__content-wrap\"><div class=\"mpc-icon-column__content\"><h3 class=\"mpc-icon-column__heading mpc-transition\"><b>Identificar \u00e1reas de mellora<\/b><\/h3><div class=\"mpc-icon-column__description mpc-transition\"><p>Identificar mediante reuni\u00f3ns de traballo con empresas, principalmente pemes, \u00e1reas de mellora nas pol\u00edticas de promoci\u00f3n de medidas de igualdade laboral e RSE en empresas<\/p>\n<\/div><\/div><\/div><\/div>[\/vc_column_inner][vc_column_inner width=&#8221;1\/3&#8243;]<div data-id=\"mpc_icon_column-5269e311c10b60f\" class=\"mpc-icon-column mpc-init mpc-parent-hover mpc-transition mpc-icon-column--style_3 mpc-align--left \" ><div data-id=\"mpc_icon-1469e311c10b630\" class=\"mpc-icon mpc-init mpc-transition mpc-effect-fade \"><div class=\"mpc-icon-wrap\"><i class=\"mpc-icon-part mpc-regular mpc-transition  etl etl-chat\"><\/i><\/div><\/div><div class=\"mpc-icon-column__content-wrap\"><div class=\"mpc-icon-column__content\"><h3 class=\"mpc-icon-column__heading mpc-transition\"><b>foros transfronteirizos<\/b><\/h3><div class=\"mpc-icon-column__description mpc-transition\"><p>Divulgar e po\u00f1er en com\u00fan mediante foros transfronteirizos abertos a todos os grupos de interese, os resultados obtidos para a formulaci\u00f3n do Campus de Igualdade Laboral Ib\u00e9rico e outras iniciativas de RSE+I en empresa.<\/p>\n<\/div><\/div><\/div><\/div>[\/vc_column_inner][\/vc_row_inner][vc_row_inner row_type=&#8221;row&#8221; type=&#8221;grid&#8221; text_align=&#8221;center&#8221; css_animation=&#8221;&#8221; animation_in_type=&#8221;transition.fadeIn&#8221; animation_in_offset=&#8221;100&#8243; animation_in_duration=&#8221;200&#8243; animation_in_delay=&#8221;0&#8243;][vc_column_inner]<div id=\"mpc_textblock-4469e311c10b6e2\" class=\"mpc-textblock mpc-init equ_width_uno\"><h3 style=\"margin: 0; background: #e7185b; padding: 15px 25px; display: inline-block;\"><span style=\"color: #ffffff;\"><strong>Prazo de execuci\u00f3n:<\/strong><\/span><\/h3>\n<\/div><div id=\"mpc_textblock-6369e311c10b77c\" class=\"mpc-textblock mpc-init cookies\"><div id=\"mpc_textblock-575bb23bc058f51\" class=\"mpc-textblock titulos mpc-inited\">\n<p>1 de xaneiro de 2023\u00a0 \u00a0 &#8211;\u00a0 \u00a0 30 de xu\u00f1o de 2023<\/p>\n<\/div>\n<\/div>[\/vc_column_inner][\/vc_row_inner][\/vc_column][\/vc_row][vc_row css_animation=&#8221;&#8221; row_type=&#8221;row&#8221; use_row_as_full_screen_section=&#8221;no&#8221; type=&#8221;grid&#8221; angled_section=&#8221;no&#8221; text_align=&#8221;center&#8221; background_image_as_pattern=&#8221;without_pattern&#8221; background_color=&#8221;#003764&#8243; z_index=&#8221;&#8221; css=&#8221;.vc_custom_1682499565870{background-color: #e7185b !important;}&#8221;][vc_column][vc_row_inner row_type=&#8221;row&#8221; type=&#8221;grid&#8221; text_align=&#8221;center&#8221; css_animation=&#8221;&#8221; css=&#8221;.vc_custom_1540976446362{background-position: center !important;background-repeat: no-repeat !important;background-size: cover !important;}&#8221; el_class=&#8221;footer_custom&#8221;][vc_column_inner][vc_empty_space height=&#8221;15&#8243;][\/vc_column_inner][\/vc_row_inner][\/vc_column][\/vc_row]<\/p>\n<\/section>","protected":false},"excerpt":{"rendered":"<p>[vc_row css_animation=&#8221;&#8221; row_type=&#8221;row&#8221; use_row_as_full_screen_section=&#8221;no&#8221; type=&#8221;full_width&#8221; angled_section=&#8221;no&#8221; text_align=&#8221;center&#8221; background_image_as_pattern=&#8221;without_pattern&#8221; z_index=&#8221;&#8221;][vc_column offset=&#8221;vc_hidden-xs&#8221;][vc_empty_space height=&#8221;142px&#8221;][\/vc_column][\/vc_row][vc_row css_animation=&#8221;&#8221; row_type=&#8221;row&#8221; use_row_as_full_screen_section=&#8221;no&#8221; type=&#8221;full_width&#8221; angled_section=&#8221;no&#8221; text_align=&#8221;center&#8221; background_image_as_pattern=&#8221;without_pattern&#8221; z_index=&#8221;&#8221; css=&#8221;.vc_custom_1682505406330{background-color: #e7185b !important;}&#8221; el_class=&#8221;titulo_flecha&#8221;][vc_column][vc_row_inner row_type=&#8221;row&#8221; type=&#8221;full_width&#8221; text_align=&#8221;center&#8221; css_animation=&#8221;&#8221; animation_in_type=&#8221;transition.fadeIn&#8221; animation_in_offset=&#8221;100&#8243; animation_in_duration=&#8221;200&#8243; animation_in_delay=&#8221;0&#8243;][vc_column_inner][\/vc_column_inner][\/vc_row_inner][\/vc_column][\/vc_row][vc_row css_animation=&#8221;&#8221; row_type=&#8221;row&#8221; use_row_as_full_screen_section=&#8221;no&#8221; type=&#8221;full_width&#8221; angled_section=&#8221;no&#8221; text_align=&#8221;center&#8221; background_image_as_pattern=&#8221;without_pattern&#8221; z_index=&#8221;&#8221;][vc_column][vc_row_inner row_type=&#8221;row&#8221; type=&#8221;full_width&#8221; text_align=&#8221;center&#8221; css_animation=&#8221;&#8221; animation_in_type=&#8221;transition.fadeIn&#8221; animation_in_offset=&#8221;100&#8243;<\/p>\n","protected":false},"author":1,"featured_media":0,"parent":0,"menu_order":0,"comment_status":"closed","ping_status":"closed","template":"full_width.php","meta":{"inline_featured_image":false,"footnotes":""},"class_list":["post-2606","page","type-page","status-publish","hentry"],"_links":{"self":[{"href":"https:\/\/www.gemcat.eu\/gal\/wp-json\/wp\/v2\/pages\/2606","targetHints":{"allow":["GET"]}}],"collection":[{"href":"https:\/\/www.gemcat.eu\/gal\/wp-json\/wp\/v2\/pages"}],"about":[{"href":"https:\/\/www.gemcat.eu\/gal\/wp-json\/wp\/v2\/types\/page"}],"author":[{"embeddable":true,"href":"https:\/\/www.gemcat.eu\/gal\/wp-json\/wp\/v2\/users\/1"}],"replies":[{"embeddable":true,"href":"https:\/\/www.gemcat.eu\/gal\/wp-json\/wp\/v2\/comments?post=2606"}],"version-history":[{"count":4,"href":"https:\/\/www.gemcat.eu\/gal\/wp-json\/wp\/v2\/pages\/2606\/revisions"}],"predecessor-version":[{"id":2779,"href":"https:\/\/www.gemcat.eu\/gal\/wp-json\/wp\/v2\/pages\/2606\/revisions\/2779"}],"wp:attachment":[{"href":"https:\/\/www.gemcat.eu\/gal\/wp-json\/wp\/v2\/media?parent=2606"}],"curies":[{"name":"wp","href":"https:\/\/api.w.org\/{rel}","templated":true}]}}