{"id":374,"date":"2017-11-15T09:17:13","date_gmt":"2017-11-15T09:17:13","guid":{"rendered":"http:\/\/www.gemcat.eu\/proyecto\/"},"modified":"2023-04-27T17:51:24","modified_gmt":"2023-04-27T17:51:24","slug":"proxecto","status":"publish","type":"page","link":"https:\/\/www.gemcat.eu\/gal\/proxecto\/","title":{"rendered":"Proxecto"},"content":{"rendered":"<section class=\"wpb-content-wrapper\"><p>[vc_row css_animation=&#8221;&#8221; row_type=&#8221;row&#8221; use_row_as_full_screen_section=&#8221;no&#8221; type=&#8221;full_width&#8221; angled_section=&#8221;no&#8221; text_align=&#8221;center&#8221; background_image=&#8221;160&#8243; background_image_as_pattern=&#8221;without_pattern&#8221; row_negative_margin=&#8221;disable_negative_margin&#8221; side_padding=&#8221;30px&#8221; bg_type=&#8221;bg_color&#8221; ult_hide_row=&#8221;ult_hide_row_value&#8221; ult_hide_row_large_screen=&#8221;large_screen&#8221; ult_hide_row_desktop=&#8221;desktop&#8221; ult_hide_row_tablet=&#8221;tablet&#8221; ult_hide_row_tablet_small=&#8221;xs_tablet&#8221; ult_hide_row_mobile=&#8221;mobile&#8221; ult_hide_row_mobile_large=&#8221;xl_mobile&#8221; css=&#8221;.vc_custom_1510761964421{margin-top: 0px !important;margin-right: 0px !important;margin-bottom: 0px !important;margin-left: 0px !important;border-top-width: 0px !important;border-right-width: 0px !important;border-bottom-width: 0px !important;border-left-width: 0px !important;padding-top: 0px !important;padding-right: 0px !important;padding-bottom: 0px !important;padding-left: 0px !important;}&#8221; el_class=&#8221;acordeon&#8221;][vc_column width=&#8221;1\/3&#8243; css=&#8221;.vc_custom_1510762058116{margin-top: 0px !important;margin-right: 0px !important;margin-bottom: 0px !important;margin-left: 0px !important;border-top-width: 0px !important;border-right-width: 0px !important;border-bottom-width: 0px !important;border-left-width: 0px !important;padding-top: 0px !important;padding-right: 15px !important;padding-bottom: 0px !important;padding-left: 15px !important;}&#8221; el_class=&#8221;backgroundimagecolleft&#8221;][vc_accordion active_tab=&#8221;1&#8243; collapsible=&#8221;yes&#8221; style=&#8221;boxed_toggle&#8221;][vc_accordion_tab title=&#8221;contexto&#8221; title_color=&#8221;#ffffff&#8221; background_color=&#8221;#1e72b6&#8243; title_tag=&#8221;h3&#8243;][vc_column_text css=&#8221;.vc_custom_1512135921811{padding-top: 30px !important;padding-bottom: 10px !important;}&#8221;]O apoio ao desenvolvemento de pol\u00edticas de Emprego de calidade \u00e9 un dos alicerces sobre os que se sustenta a pol\u00edtica social da Uni\u00f3n Europea.<\/p>\n<p>&nbsp;<\/p>\n<p>En coherencia co Eixo 4 do Programa de Cooperaci\u00f3n Territorial Transfronteiriza para Espa\u00f1a e Portugal 2014-2020, o Proxecto de Xeraci\u00f3n de Emprego de Calidade Transfronteirizo (GEMCAT) ten como un dos seus principais desaf\u00edos lograr un mercado de traballo en harmon\u00eda con un\u00a0crecemento intelixente, sustentable e integrador, que po\u00f1a o acento na creaci\u00f3n de emprego e a reduci\u00f3n da pobreza.<\/p>\n<p>&nbsp;<\/p>\n<p>Para iso, promove a construci\u00f3n dun marco de cooperaci\u00f3n institucional entre os Estados membros, que fomente a coordinaci\u00f3n e a aproximaci\u00f3n das pol\u00edticas nacionais, as\u00ed como a participaci\u00f3n entre instituci\u00f3ns, autoridades locais e auton\u00f3micas e interlocutores sociais.[\/vc_column_text][\/vc_accordion_tab][\/vc_accordion][\/vc_column][vc_column width=&#8221;1\/3&#8243; css=&#8221;.vc_custom_1510762048834{margin-top: 0px !important;margin-right: 0px !important;margin-bottom: 0px !important;margin-left: 0px !important;border-top-width: 0px !important;border-right-width: 0px !important;border-bottom-width: 0px !important;border-left-width: 0px !important;padding-top: 0px !important;padding-right: 15px !important;padding-bottom: 0px !important;padding-left: 15px !important;}&#8221; el_class=&#8221;backgroundimagecolcenter&#8221;][vc_accordion active_tab=&#8221;1&#8243; collapsible=&#8221;yes&#8221; style=&#8221;boxed_toggle&#8221;][vc_accordion_tab title=&#8221;\u00e1mbito de acci\u00f3n&#8221; title_color=&#8221;#ffffff&#8221; background_color=&#8221;#acaf37&#8243; title_tag=&#8221;h3&#8243;]<div data-id=\"mpc_image-169e31154498f8\" onclick=\"\" class=\"mpc-image mpc-init map_ mpc-overlay--fade\"  data-align=\"middle-center\"><div class=\"mpc-item mpc-transition\"><img loading=\"lazy\" decoding=\"async\" width=\"213\" height=\"300\" src=\"https:\/\/www.gemcat.eu\/wp-content\/uploads\/2017\/10\/plano-01-213x300.png\" class=\"mpc-transition attachment-medium\" alt=\"\" title=\"plano-01\" srcset=\"https:\/\/www.gemcat.eu\/wp-content\/uploads\/2017\/10\/plano-01-213x300.png 213w, https:\/\/www.gemcat.eu\/wp-content\/uploads\/2017\/10\/plano-01-768x1080.png 768w, https:\/\/www.gemcat.eu\/wp-content\/uploads\/2017\/10\/plano-01-728x1024.png 728w, https:\/\/www.gemcat.eu\/wp-content\/uploads\/2017\/10\/plano-01-700x984.png 700w, https:\/\/www.gemcat.eu\/wp-content\/uploads\/2017\/10\/plano-01.png 1295w\" sizes=\"auto, (max-width: 213px) 100vw, 213px\" \/><div class=\"mpc-item-overlay mpc-transition\"><div class=\"mpc-overlay--vertical-wrap\"><div class=\"mpc-overlay--vertical\"><a href=\"https:\/\/www.gemcat.eu\/wp-content\/uploads\/2017\/10\/plano-01.png\" rel=\"mpc\" class=\"mpc-icon-anchor mpc-magnific-popup\"><i class=\"mpc-item-overlay__icon mpc-type--lightbox mpc-icon--icon fa fa-plus-circle\"><\/i><\/a><\/div><\/div><\/div><\/div><\/div>[vc_column_text css=&#8221;.vc_custom_1512135941980{padding-top: 30px !important;padding-bottom: 10px !important;}&#8221;]O Proxecto de Xeraci\u00f3n de Emprego de Calidade Transfronteirizo interv\u00e9n en varias rexi\u00f3ns do espazo de cooperaci\u00f3n da fronteira hispano- portuguesa.<\/p>\n<p>-A Comunidade Aut\u00f3noma de Galicia.<\/p>\n<p>-A Comunidade Aut\u00f3noma de Castela e Le\u00f3n abarca as\u00a0provincias fronteirizas e adxacentes, isto \u00e9, Le\u00f3n,\u00a0Zamora, Valladolid, Salamanca e \u00c1vila.<\/p>\n<p>-A Comunidade Aut\u00f3noma de Estremadura.<\/p>\n<p>-No territorio portugu\u00e9s o \u00e1mbito de actuaci\u00f3n ser\u00e1la Rexi\u00f3n Norte, inclu\u00edndo Minho Lima, C\u00e1vado e\u00a0Grande Porto a trav\u00e9s da Comunidade Intermunicipal\u00a0do Alto Minho, o Municipio de Braga, e a Universidade\u00a0do Porto.[\/vc_column_text][\/vc_accordion_tab][\/vc_accordion][\/vc_column][vc_column width=&#8221;1\/3&#8243; css=&#8221;.vc_custom_1510762038578{margin-top: 0px !important;margin-right: 0px !important;margin-bottom: 0px !important;margin-left: 0px !important;border-top-width: 0px !important;border-right-width: 0px !important;border-bottom-width: 0px !important;border-left-width: 0px !important;padding-top: 0px !important;padding-right: 15px !important;padding-bottom: 0px !important;padding-left: 15px !important;}&#8221; el_class=&#8221;backgroundimagecolright&#8221;][vc_accordion active_tab=&#8221;1&#8243; collapsible=&#8221;yes&#8221; style=&#8221;boxed_toggle&#8221;][vc_accordion_tab title=&#8221;obxetivos&#8221; title_color=&#8221;#ffffff&#8221; background_color=&#8221;#e3235d&#8221; title_tag=&#8221;h3&#8243;][vc_column_text css=&#8221;.vc_custom_1512136044597{padding-top: 30px !important;padding-bottom: 10px !important;}&#8221;]O obxectivo principal do proxecto \u00e9 mellorar a eficiencia das pol\u00edticas p\u00fablicas para a creaci\u00f3n e mantemento dun emprego de calidade, a trav\u00e9s da cooperaci\u00f3n entre os cidad\u00e1ns e as instituci\u00f3ns.<\/p>\n<p>Os seus obxectivos espec\u00edficos son:<\/p>\n<p>&#8211; Constru\u00edr un marco de cooperaci\u00f3n institucional que traiga resultados concretos e<br \/>\nmelloras tanxibles no mercado laboral transfronteirizo entre Espa\u00f1a e Norte de Portugal.<\/p>\n<p>-Contributo para crear un di\u00e1logo social nas rexi\u00f3ns do espazo transfronterizo entre Espa\u00f1a e Norte de Portugal.<\/p>\n<p>-Incorporaci\u00f3n de medidas de igualdade de oportunidades e en favor da conciliaci\u00f3n, as\u00ed como medidas de responsabilidade social empresarial nas empresas.[\/vc_column_text][\/vc_accordion_tab][\/vc_accordion][\/vc_column][\/vc_row]<\/p>\n<\/section>","protected":false},"excerpt":{"rendered":"<p>[vc_row css_animation=&#8221;&#8221; row_type=&#8221;row&#8221; use_row_as_full_screen_section=&#8221;no&#8221; type=&#8221;full_width&#8221; angled_section=&#8221;no&#8221; text_align=&#8221;center&#8221; background_image=&#8221;160&#8243; background_image_as_pattern=&#8221;without_pattern&#8221; row_negative_margin=&#8221;disable_negative_margin&#8221; side_padding=&#8221;30px&#8221; bg_type=&#8221;bg_color&#8221; ult_hide_row=&#8221;ult_hide_row_value&#8221; ult_hide_row_large_screen=&#8221;large_screen&#8221; ult_hide_row_desktop=&#8221;desktop&#8221; ult_hide_row_tablet=&#8221;tablet&#8221; ult_hide_row_tablet_small=&#8221;xs_tablet&#8221; ult_hide_row_mobile=&#8221;mobile&#8221; ult_hide_row_mobile_large=&#8221;xl_mobile&#8221; css=&#8221;.vc_custom_1510761964421{margin-top: 0px !important;margin-right: 0px !important;margin-bottom: 0px !important;margin-left: 0px !important;border-top-width: 0px !important;border-right-width: 0px !important;border-bottom-width: 0px !important;border-left-width: 0px !important;padding-top: 0px !important;padding-right: 0px !important;padding-bottom: 0px !important;padding-left: 0px !important;}&#8221; el_class=&#8221;acordeon&#8221;][vc_column<\/p>\n","protected":false},"author":1,"featured_media":0,"parent":0,"menu_order":0,"comment_status":"closed","ping_status":"closed","template":"","meta":{"inline_featured_image":false,"footnotes":""},"class_list":["post-374","page","type-page","status-publish","hentry"],"_links":{"self":[{"href":"https:\/\/www.gemcat.eu\/gal\/wp-json\/wp\/v2\/pages\/374","targetHints":{"allow":["GET"]}}],"collection":[{"href":"https:\/\/www.gemcat.eu\/gal\/wp-json\/wp\/v2\/pages"}],"about":[{"href":"https:\/\/www.gemcat.eu\/gal\/wp-json\/wp\/v2\/types\/page"}],"author":[{"embeddable":true,"href":"https:\/\/www.gemcat.eu\/gal\/wp-json\/wp\/v2\/users\/1"}],"replies":[{"embeddable":true,"href":"https:\/\/www.gemcat.eu\/gal\/wp-json\/wp\/v2\/comments?post=374"}],"version-history":[{"count":5,"href":"https:\/\/www.gemcat.eu\/gal\/wp-json\/wp\/v2\/pages\/374\/revisions"}],"predecessor-version":[{"id":731,"href":"https:\/\/www.gemcat.eu\/gal\/wp-json\/wp\/v2\/pages\/374\/revisions\/731"}],"wp:attachment":[{"href":"https:\/\/www.gemcat.eu\/gal\/wp-json\/wp\/v2\/media?parent=374"}],"curies":[{"name":"wp","href":"https:\/\/api.w.org\/{rel}","templated":true}]}}