{"id":558,"date":"2017-11-30T12:33:01","date_gmt":"2017-11-30T12:33:01","guid":{"rendered":"http:\/\/www.gemcat.eu\/demografia-y-conciliacion-creacion-de-un-comite-pluriregional-de-trabajo\/"},"modified":"2017-12-01T11:08:44","modified_gmt":"2017-12-01T11:08:44","slug":"demografia-e-conciliacion-creacion-dun-comite-pluriregional-de-traballo","status":"publish","type":"page","link":"https:\/\/www.gemcat.eu\/gal\/demografia-e-conciliacion-creacion-dun-comite-pluriregional-de-traballo\/","title":{"rendered":"Demograf\u00eda e Conciliaci\u00f3n &#8211; Creaci\u00f3n dun comit\u00e9 pluriregional de traballo"},"content":{"rendered":"<section class=\"wpb-content-wrapper\"><p>[vc_row css_animation=&#8221;&#8221; row_type=&#8221;row&#8221; use_row_as_full_screen_section=&#8221;no&#8221; type=&#8221;full_width&#8221; angled_section=&#8221;no&#8221; text_align=&#8221;left&#8221; background_image_as_pattern=&#8221;without_pattern&#8221; el_class=&#8221;bloque-actividades-individuales&#8221;][vc_column width=&#8221;1\/3&#8243;][vc_raw_html]JTNDZGl2JTIwY2xhc3MlM0QlMjJpY29uX2xpc3RfaWNvbl9pY29ub2dyYWZpYSUyMiUyMGRhdGEtYW5pbWF0aW9uJTNEJTIyJTIyJTIwZGF0YS1hbmltYXRpb24tZGVsYXklM0QlMjIwMyUyMiUyMHN0eWxlJTNEJTIyZm9udC1zaXplJTNBMjRweCUzQmJvcmRlci13aWR0aCUzQTZweCUzQmJvcmRlci1zdHlsZSUzQXNvbGlkJTNCYmFja2dyb3VuZCUzQSUyMzA4NGQ2ZSUzQmNvbG9yJTNBJTIzZmZmZmZmJTNCYm9yZGVyLWNvbG9yJTNBJTIzMjU4OWJiJTNCJTIyJTNFJTNDaW1nJTIwY2xhc3MlM0QlMjJsaXN0LWltZy1pY29uJTIyJTIwYWx0JTNEJTIybnVsbCUyMiUyMHNyYyUzRCUyMmh0dHAlM0ElMkYlMkZ3d3cuZ2VtY2F0LmV1JTJGd3AtY29udGVudCUyRnVwbG9hZHMlMkYyMDE3JTJGMTElMkZSZWN1cnNvLTMucG5nJTIyJTNFJTNDJTJGZGl2JTNF[\/vc_raw_html][\/vc_column][vc_column width=&#8221;2\/3&#8243;][vc_column_text]<\/p>\n<h3>Creaci\u00f3n dun comit\u00e9 pluriregional de traballo<\/h3>\n<p>Crearase un comit\u00e9 *pluriregional de traballo para a an\u00e1lise da evoluci\u00f3n demogr\u00e1fica do espazo fronteirizo e co\u00f1ecer as tendencias e o grao de envellecemento e natalidade na poboaci\u00f3n do espazo transfronteirizo.<\/p>\n<p>O comit\u00e9 *pluriregional estar\u00e1 integrado como m\u00ednimo por un t\u00e9cnico de cada un dos socios do *Partenariado do proxecto e ser\u00e1 o encargado de:<\/p>\n<ul>\n<li>Establecer as condici\u00f3ns t\u00e9cnicas necesarias para o desenvolvementoda actividade<\/li>\n<li>Facer un seguimento completo do programa de traballocorrespondente \u00e1 actividade para asegurar unha \u00f3ptima execuci\u00f3n operativa do proxecto<\/li>\n<\/ul>\n<p>O comit\u00e9 realizar\u00e1 reuni\u00f3ns peri\u00f3dicas para analizar os datos e informaci\u00f3n procedente de observatorios tem\u00e1ticos e publicaci\u00f3ns dos territorios adheridos ao proxecto e poder realizar diagn\u00f3stico e identificaci\u00f3n de tendencias para o dese\u00f1o de pol\u00edticas.[\/vc_column_text][\/vc_column][\/vc_row]<\/p>\n<\/section>","protected":false},"excerpt":{"rendered":"<p>[vc_row css_animation=&#8221;&#8221; row_type=&#8221;row&#8221; use_row_as_full_screen_section=&#8221;no&#8221; type=&#8221;full_width&#8221; angled_section=&#8221;no&#8221; text_align=&#8221;left&#8221; background_image_as_pattern=&#8221;without_pattern&#8221; el_class=&#8221;bloque-actividades-individuales&#8221;][vc_column width=&#8221;1\/3&#8243;][vc_raw_html]JTNDZGl2JTIwY2xhc3MlM0QlMjJpY29uX2xpc3RfaWNvbl9pY29ub2dyYWZpYSUyMiUyMGRhdGEtYW5pbWF0aW9uJTNEJTIyJTIyJTIwZGF0YS1hbmltYXRpb24tZGVsYXklM0QlMjIwMyUyMiUyMHN0eWxlJTNEJTIyZm9udC1zaXplJTNBMjRweCUzQmJvcmRlci13aWR0aCUzQTZweCUzQmJvcmRlci1zdHlsZSUzQXNvbGlkJTNCYmFja2dyb3VuZCUzQSUyMzA4NGQ2ZSUzQmNvbG9yJTNBJTIzZmZmZmZmJTNCYm9yZGVyLWNvbG9yJTNBJTIzMjU4OWJiJTNCJTIyJTNFJTNDaW1nJTIwY2xhc3MlM0QlMjJsaXN0LWltZy1pY29uJTIyJTIwYWx0JTNEJTIybnVsbCUyMiUyMHNyYyUzRCUyMmh0dHAlM0ElMkYlMkZ3d3cuZ2VtY2F0LmV1JTJGd3AtY29udGVudCUyRnVwbG9hZHMlMkYyMDE3JTJGMTElMkZSZWN1cnNvLTMucG5nJTIyJTNFJTNDJTJGZGl2JTNF[\/vc_raw_html][\/vc_column][vc_column width=&#8221;2\/3&#8243;][vc_column_text] Creaci\u00f3n dun comit\u00e9 pluriregional de traballo Crearase un comit\u00e9 *pluriregional de traballo para a an\u00e1lise da evoluci\u00f3n demogr\u00e1fica do espazo fronteirizo e co\u00f1ecer as tendencias e o grao de envellecemento e natalidade na poboaci\u00f3n<\/p>\n","protected":false},"author":1,"featured_media":0,"parent":0,"menu_order":0,"comment_status":"closed","ping_status":"closed","template":"","meta":{"inline_featured_image":false,"footnotes":""},"class_list":["post-558","page","type-page","status-publish","hentry"],"_links":{"self":[{"href":"https:\/\/www.gemcat.eu\/gal\/wp-json\/wp\/v2\/pages\/558","targetHints":{"allow":["GET"]}}],"collection":[{"href":"https:\/\/www.gemcat.eu\/gal\/wp-json\/wp\/v2\/pages"}],"about":[{"href":"https:\/\/www.gemcat.eu\/gal\/wp-json\/wp\/v2\/types\/page"}],"author":[{"embeddable":true,"href":"https:\/\/www.gemcat.eu\/gal\/wp-json\/wp\/v2\/users\/1"}],"replies":[{"embeddable":true,"href":"https:\/\/www.gemcat.eu\/gal\/wp-json\/wp\/v2\/comments?post=558"}],"version-history":[{"count":3,"href":"https:\/\/www.gemcat.eu\/gal\/wp-json\/wp\/v2\/pages\/558\/revisions"}],"predecessor-version":[{"id":697,"href":"https:\/\/www.gemcat.eu\/gal\/wp-json\/wp\/v2\/pages\/558\/revisions\/697"}],"wp:attachment":[{"href":"https:\/\/www.gemcat.eu\/gal\/wp-json\/wp\/v2\/media?parent=558"}],"curies":[{"name":"wp","href":"https:\/\/api.w.org\/{rel}","templated":true}]}}