{"id":564,"date":"2017-11-30T12:36:24","date_gmt":"2017-11-30T12:36:24","guid":{"rendered":"http:\/\/www.gemcat.eu\/demografia-y-conciliacion-diseno-de-un-conjunto-de-politicas-publicas-a-favor-de-la-conciliacion\/"},"modified":"2017-12-01T11:08:50","modified_gmt":"2017-12-01T11:08:50","slug":"demografia-e-conciliacion-deseno-dun-conxunto-de-politicas-publicas-a-favor-da-conciliacion","status":"publish","type":"page","link":"https:\/\/www.gemcat.eu\/gal\/demografia-e-conciliacion-deseno-dun-conxunto-de-politicas-publicas-a-favor-da-conciliacion\/","title":{"rendered":"Demograf\u00eda e Conciliaci\u00f3n &#8211; Dese\u00f1o dun conxunto de pol\u00edticas p\u00fablicas a favor da conciliaci\u00f3n"},"content":{"rendered":"<section class=\"wpb-content-wrapper\"><p>[vc_row css_animation=&#8221;&#8221; row_type=&#8221;row&#8221; use_row_as_full_screen_section=&#8221;no&#8221; type=&#8221;full_width&#8221; angled_section=&#8221;no&#8221; text_align=&#8221;left&#8221; background_image_as_pattern=&#8221;without_pattern&#8221; el_class=&#8221;bloque-actividades-individuales&#8221;][vc_column width=&#8221;1\/3&#8243;][vc_raw_html]JTNDZGl2JTIwY2xhc3MlM0QlMjJpY29uX2xpc3RfaWNvbl9pY29ub2dyYWZpYSUyMiUyMGRhdGEtYW5pbWF0aW9uJTNEJTIyJTIyJTIwZGF0YS1hbmltYXRpb24tZGVsYXklM0QlMjIwMyUyMiUyMHN0eWxlJTNEJTIyZm9udC1zaXplJTNBMjRweCUzQmJvcmRlci13aWR0aCUzQTZweCUzQmJvcmRlci1zdHlsZSUzQXNvbGlkJTNCYmFja2dyb3VuZCUzQSUyMzA4NGQ2ZSUzQmNvbG9yJTNBJTIzZmZmZmZmJTNCYm9yZGVyLWNvbG9yJTNBJTIzMjU4OWJiJTNCJTIyJTNFJTNDaW1nJTIwY2xhc3MlM0QlMjJsaXN0LWltZy1pY29uJTIyJTIwYWx0JTNEJTIybnVsbCUyMiUyMHNyYyUzRCUyMmh0dHAlM0ElMkYlMkZ3d3cuZ2VtY2F0LmV1JTJGd3AtY29udGVudCUyRnVwbG9hZHMlMkYyMDE3JTJGMTElMkZSZWN1cnNvLTIucG5nJTIyJTNFJTNDJTJGZGl2JTNF[\/vc_raw_html][\/vc_column][vc_column width=&#8221;2\/3&#8243;][vc_column_text]<\/p>\n<h3><strong>Demograf\u00eda e Conciliaci\u00f3n &#8211; Dese\u00f1o dun conxunto de pol\u00edticas p\u00fablicas a favor da conciliaci\u00f3n <\/strong><\/h3>\n<p>En base ao diagn\u00f3stico elaborado polo Comit\u00e9 *pluriregional creado para levar a cabo esta actividade, dese\u00f1arase un conxunto de pol\u00edticas p\u00fablicas a favor da conciliaci\u00f3n que impacten a medio prazo nunha mellorademogr\u00e1fica e nunha fixaci\u00f3n da poboaci\u00f3n no espazo transfronteirizo. Ditas pol\u00edticas estar\u00e1n enfocadas a distintosaxentes, inclu\u00edndo empresas e organizaci\u00f3ns sindicais, as\u00ed como a propia administraci\u00f3n p\u00fablica.[\/vc_column_text][\/vc_column][\/vc_row]<\/p>\n<\/section>","protected":false},"excerpt":{"rendered":"<p>[vc_row css_animation=&#8221;&#8221; row_type=&#8221;row&#8221; use_row_as_full_screen_section=&#8221;no&#8221; type=&#8221;full_width&#8221; angled_section=&#8221;no&#8221; text_align=&#8221;left&#8221; background_image_as_pattern=&#8221;without_pattern&#8221; el_class=&#8221;bloque-actividades-individuales&#8221;][vc_column width=&#8221;1\/3&#8243;][vc_raw_html]JTNDZGl2JTIwY2xhc3MlM0QlMjJpY29uX2xpc3RfaWNvbl9pY29ub2dyYWZpYSUyMiUyMGRhdGEtYW5pbWF0aW9uJTNEJTIyJTIyJTIwZGF0YS1hbmltYXRpb24tZGVsYXklM0QlMjIwMyUyMiUyMHN0eWxlJTNEJTIyZm9udC1zaXplJTNBMjRweCUzQmJvcmRlci13aWR0aCUzQTZweCUzQmJvcmRlci1zdHlsZSUzQXNvbGlkJTNCYmFja2dyb3VuZCUzQSUyMzA4NGQ2ZSUzQmNvbG9yJTNBJTIzZmZmZmZmJTNCYm9yZGVyLWNvbG9yJTNBJTIzMjU4OWJiJTNCJTIyJTNFJTNDaW1nJTIwY2xhc3MlM0QlMjJsaXN0LWltZy1pY29uJTIyJTIwYWx0JTNEJTIybnVsbCUyMiUyMHNyYyUzRCUyMmh0dHAlM0ElMkYlMkZ3d3cuZ2VtY2F0LmV1JTJGd3AtY29udGVudCUyRnVwbG9hZHMlMkYyMDE3JTJGMTElMkZSZWN1cnNvLTIucG5nJTIyJTNFJTNDJTJGZGl2JTNF[\/vc_raw_html][\/vc_column][vc_column width=&#8221;2\/3&#8243;][vc_column_text] Demograf\u00eda e Conciliaci\u00f3n &#8211; Dese\u00f1o dun conxunto de pol\u00edticas p\u00fablicas a favor da conciliaci\u00f3n En base ao diagn\u00f3stico elaborado polo Comit\u00e9 *pluriregional creado para levar a cabo esta actividade, dese\u00f1arase un conxunto de pol\u00edticas<\/p>\n","protected":false},"author":1,"featured_media":0,"parent":0,"menu_order":0,"comment_status":"closed","ping_status":"closed","template":"","meta":{"inline_featured_image":false,"footnotes":""},"class_list":["post-564","page","type-page","status-publish","hentry"],"_links":{"self":[{"href":"https:\/\/www.gemcat.eu\/gal\/wp-json\/wp\/v2\/pages\/564","targetHints":{"allow":["GET"]}}],"collection":[{"href":"https:\/\/www.gemcat.eu\/gal\/wp-json\/wp\/v2\/pages"}],"about":[{"href":"https:\/\/www.gemcat.eu\/gal\/wp-json\/wp\/v2\/types\/page"}],"author":[{"embeddable":true,"href":"https:\/\/www.gemcat.eu\/gal\/wp-json\/wp\/v2\/users\/1"}],"replies":[{"embeddable":true,"href":"https:\/\/www.gemcat.eu\/gal\/wp-json\/wp\/v2\/comments?post=564"}],"version-history":[{"count":3,"href":"https:\/\/www.gemcat.eu\/gal\/wp-json\/wp\/v2\/pages\/564\/revisions"}],"predecessor-version":[{"id":698,"href":"https:\/\/www.gemcat.eu\/gal\/wp-json\/wp\/v2\/pages\/564\/revisions\/698"}],"wp:attachment":[{"href":"https:\/\/www.gemcat.eu\/gal\/wp-json\/wp\/v2\/media?parent=564"}],"curies":[{"name":"wp","href":"https:\/\/api.w.org\/{rel}","templated":true}]}}