{"id":579,"date":"2017-11-30T12:46:42","date_gmt":"2017-11-30T12:46:42","guid":{"rendered":"http:\/\/www.gemcat.eu\/responsabilidad-social-empresarial-agenda-de-rse-transfronteriza\/"},"modified":"2017-12-01T11:00:32","modified_gmt":"2017-12-01T11:00:32","slug":"responsabilidade-social-empresarial-axenda-de-rse-transfronteiriza","status":"publish","type":"page","link":"https:\/\/www.gemcat.eu\/gal\/responsabilidade-social-empresarial-axenda-de-rse-transfronteiriza\/","title":{"rendered":"Responsabilidade Social Empresarial &#8211; Axenda de *RSE Transfronteiriza"},"content":{"rendered":"<section class=\"wpb-content-wrapper\"><p>[vc_row css_animation=&#8221;&#8221; row_type=&#8221;row&#8221; use_row_as_full_screen_section=&#8221;no&#8221; type=&#8221;full_width&#8221; angled_section=&#8221;no&#8221; text_align=&#8221;left&#8221; background_image_as_pattern=&#8221;without_pattern&#8221; el_class=&#8221;bloque-actividades-individuales&#8221;][vc_column width=&#8221;1\/3&#8243;][vc_raw_html]JTNDZGl2JTIwY2xhc3MlM0QlMjJpY29uX2xpc3RfaWNvbl9pY29ub2dyYWZpYSUyMiUyMGRhdGEtYW5pbWF0aW9uJTNEJTIyJTIyJTIwZGF0YS1hbmltYXRpb24tZGVsYXklM0QlMjIwMyUyMiUyMHN0eWxlJTNEJTIyZm9udC1zaXplJTNBMjRweCUzQmJvcmRlci13aWR0aCUzQTZweCUzQmJvcmRlci1zdHlsZSUzQXNvbGlkJTNCYmFja2dyb3VuZCUzQSUyMzA4NGQ2ZSUzQmNvbG9yJTNBJTIzZmZmZmZmJTNCYm9yZGVyLWNvbG9yJTNBJTIzMjU4OWJiJTNCJTIyJTNFJTNDaW1nJTIwY2xhc3MlM0QlMjJsaXN0LWltZy1pY29uJTIyJTIwYWx0JTNEJTIybnVsbCUyMiUyMHNyYyUzRCUyMmh0dHAlM0ElMkYlMkZ3d3cuZ2VtY2F0LmV1JTJGd3AtY29udGVudCUyRnVwbG9hZHMlMkYyMDE3JTJGMTElMkZhY3RpdmFkYWQtcnNlLTEucG5nJTIyJTNFJTNDJTJGZGl2JTNF[\/vc_raw_html][\/vc_column][vc_column width=&#8221;2\/3&#8243;][vc_column_text]<\/p>\n<h3>Axenda de *RSE Transfronteiriza<\/h3>\n<p>Para a elaboraci\u00f3n da Axenda *RSE Transfronteiriza, crearase \u00a0un grupo interno de traballo *pluriregional integrado por un t\u00e9cnico de cada un dos socios do *partenariado do proxecto co obxectivo de establecer as condici\u00f3ns t\u00e9cnicas necesarias para o desenvolvemento da actividade e facer un seguimento completo do programa de traballo a realizar. O grupo interno realizar\u00e1 reuni\u00f3ns peri\u00f3dicas para analizar os datos e informaci\u00f3n procedente de observatorios tem\u00e1ticos e publicaci\u00f3ns dos territorios adheridos ao proxecto e poder abordar o diagn\u00f3stico\u00a0 e a identificaci\u00f3n de tendencias para o dese\u00f1o de instrumentos p\u00fablico \u2013 privados en materia de *RSE.<\/p>\n<p>En base ao estudo pormenorizado da informaci\u00f3n facilitada polo\u00a0 grupo de traballo interno acerca de: boas pr\u00e1cticas, ferramentas, recomendaci\u00f3ns xerais de *RSE e instrumentos p\u00fablico- privados de apoio ao *financiamiento de proxectos socialmente responsables existentes en cada un dos territorios aos que pertencen os socios que conforman o proxecto e ao exhaustivo estudo bibliogr\u00e1fico por medio do cal leva a cabo a identificaci\u00f3n e a an\u00e1lise das diferentes fontes e experiencias previas, elaborarase \u00a0a Axenda de *RSE Transfronteirizo co obxectivo de marcar as li\u00f1as estrat\u00e9xicas as\u00ed como instrumentos p\u00fablico privados de apoio ao financiamento de proxectos transfronteirizos socialmente responsables para asegurar a creaci\u00f3n dun emprego de calidade e sustentable por medioda *RSE no territorio transfronteirizo de Espa\u00f1a e Portugal.[\/vc_column_text][\/vc_column][\/vc_row]<\/p>\n<\/section>","protected":false},"excerpt":{"rendered":"<p>[vc_row css_animation=&#8221;&#8221; row_type=&#8221;row&#8221; use_row_as_full_screen_section=&#8221;no&#8221; type=&#8221;full_width&#8221; angled_section=&#8221;no&#8221; text_align=&#8221;left&#8221; background_image_as_pattern=&#8221;without_pattern&#8221; el_class=&#8221;bloque-actividades-individuales&#8221;][vc_column width=&#8221;1\/3&#8243;][vc_raw_html]JTNDZGl2JTIwY2xhc3MlM0QlMjJpY29uX2xpc3RfaWNvbl9pY29ub2dyYWZpYSUyMiUyMGRhdGEtYW5pbWF0aW9uJTNEJTIyJTIyJTIwZGF0YS1hbmltYXRpb24tZGVsYXklM0QlMjIwMyUyMiUyMHN0eWxlJTNEJTIyZm9udC1zaXplJTNBMjRweCUzQmJvcmRlci13aWR0aCUzQTZweCUzQmJvcmRlci1zdHlsZSUzQXNvbGlkJTNCYmFja2dyb3VuZCUzQSUyMzA4NGQ2ZSUzQmNvbG9yJTNBJTIzZmZmZmZmJTNCYm9yZGVyLWNvbG9yJTNBJTIzMjU4OWJiJTNCJTIyJTNFJTNDaW1nJTIwY2xhc3MlM0QlMjJsaXN0LWltZy1pY29uJTIyJTIwYWx0JTNEJTIybnVsbCUyMiUyMHNyYyUzRCUyMmh0dHAlM0ElMkYlMkZ3d3cuZ2VtY2F0LmV1JTJGd3AtY29udGVudCUyRnVwbG9hZHMlMkYyMDE3JTJGMTElMkZhY3RpdmFkYWQtcnNlLTEucG5nJTIyJTNFJTNDJTJGZGl2JTNF[\/vc_raw_html][\/vc_column][vc_column width=&#8221;2\/3&#8243;][vc_column_text] Axenda de *RSE Transfronteiriza Para a elaboraci\u00f3n da Axenda *RSE Transfronteiriza, crearase \u00a0un grupo interno de traballo *pluriregional integrado por un t\u00e9cnico de cada un dos socios do *partenariado do proxecto co obxectivo de<\/p>\n","protected":false},"author":1,"featured_media":0,"parent":0,"menu_order":0,"comment_status":"closed","ping_status":"closed","template":"","meta":{"inline_featured_image":false,"footnotes":""},"class_list":["post-579","page","type-page","status-publish","hentry"],"_links":{"self":[{"href":"https:\/\/www.gemcat.eu\/gal\/wp-json\/wp\/v2\/pages\/579","targetHints":{"allow":["GET"]}}],"collection":[{"href":"https:\/\/www.gemcat.eu\/gal\/wp-json\/wp\/v2\/pages"}],"about":[{"href":"https:\/\/www.gemcat.eu\/gal\/wp-json\/wp\/v2\/types\/page"}],"author":[{"embeddable":true,"href":"https:\/\/www.gemcat.eu\/gal\/wp-json\/wp\/v2\/users\/1"}],"replies":[{"embeddable":true,"href":"https:\/\/www.gemcat.eu\/gal\/wp-json\/wp\/v2\/comments?post=579"}],"version-history":[{"count":1,"href":"https:\/\/www.gemcat.eu\/gal\/wp-json\/wp\/v2\/pages\/579\/revisions"}],"predecessor-version":[{"id":688,"href":"https:\/\/www.gemcat.eu\/gal\/wp-json\/wp\/v2\/pages\/579\/revisions\/688"}],"wp:attachment":[{"href":"https:\/\/www.gemcat.eu\/gal\/wp-json\/wp\/v2\/media?parent=579"}],"curies":[{"name":"wp","href":"https:\/\/api.w.org\/{rel}","templated":true}]}}