{"id":720,"date":"2017-12-01T13:32:27","date_gmt":"2017-12-01T13:32:27","guid":{"rendered":"http:\/\/www.gemcat.eu\/?page_id=720\/"},"modified":"2018-08-27T10:46:40","modified_gmt":"2018-08-27T10:46:40","slug":"aviso-legal","status":"publish","type":"page","link":"https:\/\/www.gemcat.eu\/gal\/aviso-legal\/","title":{"rendered":"Aviso Legal"},"content":{"rendered":"<p>&nbsp;<\/p>\n<p><strong>Informaci\u00f3n xeral<\/strong><\/p>\n<p>As presentes disposici\u00f3ns regulan o uso do servizo do portal de internet (en diante, o \u201cPortal\u2019) que a Xunta de Galicia pon a disposici\u00f3n dos usuarios de internet.<\/p>\n<p>A Xunta de Galicia \u00e9 a titular do subdominio \u201cgemcat.eu\u201d e dos distintos elementos nel inclu\u00eddos.<\/p>\n<p>O contido facilitado a trav\u00e9s deste Portal em\u00edtese con efectos simplemente informativos e non substit\u00fae a publicidade das disposici\u00f3ns e actos que te\u00f1an que ser publicados formalmente en bolet\u00edns oficiais. A\u00ednda que se efectuar\u00e1n os esforzos precisos para que a informaci\u00f3n contida sexa exacta e actualizada, a Xunta de Galicia non garante a inexistencia de erros no contido deste Portal, nin que se atope totalmente actualizado.<\/p>\n<p>A Xunta de Galicia non se fai responsable dos danos e prexu\u00edzos que puidese ocasionar o uso ilex\u00edtimo ou inadecuado das ferramentas e informaci\u00f3ns contidas no Portal con excepci\u00f3n de todas aquelas actuaci\u00f3ns que resulten da aplicaci\u00f3n das disposici\u00f3ns legais \u00e1s que deba someterse no estrito exercicio das s\u00faas competencias.<\/p>\n<p>A Xunta de Galicia non asume responsabilidade algunha derivada da conexi\u00f3n ou contidos das ligaz\u00f3ns a p\u00e1xinas externas sobre as que non se ten ning\u00fan control, debendo o usuario deste Portal, en todo caso, aterse \u00e1s condici\u00f3ns de uso espec\u00edficas das devanditas ligaz\u00f3ns.<\/p>\n<p>A Xunta de Galicia res\u00e9rvase a facultade de efectuar, en calquera momento e sen necesidade de aviso previo, modificaci\u00f3ns e actualizaci\u00f3ns sobre a informaci\u00f3n contida ou na s\u00faa configuraci\u00f3n ou presentaci\u00f3n.<\/p>\n<p>&nbsp;<\/p>\n<p><strong>Propiedade intelectual e industrial<\/strong><\/p>\n<p>Os dereitos de propiedade intelectual deste sitio web e dos seus elementos contidos son titularidade da Administraci\u00f3n xeral e do sector p\u00fablico auton\u00f3mico de Galicia.<\/p>\n<p>A informaci\u00f3n dispo\u00f1ible neste Portal, salvo indicaci\u00f3n expresa en contrario, \u00e9 susceptible de reutilizaci\u00f3n, quedando autorizada a s\u00faa reproduci\u00f3n total ou parcial, modificaci\u00f3n, distribuci\u00f3n e comunicaci\u00f3n, para usos comerciais e non comerciais, con suxeici\u00f3n \u00e1s seguintes condici\u00f3ns:<\/p>\n<ul>\n<li>Queda prohibida en calquera circunstancia a desnaturalizaci\u00f3n do contido da informaci\u00f3n.<\/li>\n<li>O usuario queda obrigado a citar a fonte dos documentos obxecto da reutilizaci\u00f3n.<\/li>\n<\/ul>\n<p>Esta licenza non reduce ou restrinxe os dereitos exclusivos do titular dos dereitos de propiedade intelectual, tales como o dese\u00f1o do Portal e c\u00f3digos fonte, marcas, nomes comerciais, logos ou signos distintivos, de acordo coa Lei de propiedade intelectual ou calquera outras leis aplicables.<\/p>\n<p>&nbsp;<\/p>\n<p><strong>Privacidade<\/strong><\/p>\n<p>Coa s\u00faa navegaci\u00f3n, vostede presta o consentimento para recibir as cookies que utiliza o Portal, que en ning\u00fan caso se empregan para recoller informaci\u00f3n de car\u00e1cter persoal. Son de dous tipos:<\/p>\n<ul>\n<li><u>Cookies propias<\/u>: son enviadas aos seu equipo e xestionadas exclusivamente pola Xunta de Galicia, que s\u00f3 obt\u00e9n e conserva a informaci\u00f3n relativa aos datos de sesi\u00f3n e idioma. Estas\u00a0<em>\u00a0cookies<\/em>\u00a0\u00a0son necesarias para o correcto funcionamento e visualizaci\u00f3n do Portal por parte do usuario.<\/li>\n<li><u>Cookies anal\u00edticas de terceiro<\/u>: o Portal usa as\u00a0<em>\u00a0cookies<\/em>\u00a0\u00a0da ferramenta\u00a0<em>\u00a0Google Analytics<\/em>\u00a0, que realiza unha medici\u00f3n e an\u00e1lise estat\u00edstica da navegaci\u00f3n dos usuarios na web, co fin de mellorar os servizos que ofrece o Portal. A informaci\u00f3n que xera a\u00a0<em>\u00a0cookie<\/em>\u00a0\u00a0\u00e9 directamente transmitida e arquivada por Google.<\/li>\n<\/ul>\n<p>Para garantir o anonimato, Google converte a s\u00faa informaci\u00f3n en an\u00f3nima truncando a direcci\u00f3n IP antes de almacenala. Tampouco asocia a s\u00faa direcci\u00f3n IP truncada a ning\u00fan outro dato conservado por Google, nin pode enviar a informaci\u00f3n recollida por\u00a0<em>\u00a0Google Analytics<\/em>\u00a0\u00a0a terceiros salvo cando estea legalmente obrigado a facelo, conforme as condici\u00f3ns de prestaci\u00f3n do servizo de<em>\u00a0Google Analytics<\/em>\u00a0.<\/p>\n<p>Se vostede desexa<strong>\u00a0 denegar o permiso \u00a0<\/strong>para o tratamento estat\u00edstico dos datos ou da informaci\u00f3n con\u00a0<em>\u00a0Google Analytics<\/em>\u00a0, prema\u00a0<a href=\"https:\/\/tools.google.com\/dlpage\/gaoptout?hl=es\">aqu\u00ed<\/a>.<\/p>\n<p>Lembr\u00e1moslle que deber\u00e1 executar esta acci\u00f3n cada vez que cambie de navegador ou a s\u00faa configuraci\u00f3n, ou se elimina as\u00a0<em>\u00a0cookies<\/em>\u00a0, posto que o indicador de denegaci\u00f3n se garda nunha\u00a0<em>\u00a0cookie<\/em>\u00a0.<\/p>\n<p>&nbsp;<\/p>\n<p><strong>Protecci\u00f3n de datos<\/strong><\/p>\n<p>O tratamento dos datos de car\u00e1cter persoal que se realice a trav\u00e9s deste Portal estar\u00e1 suxeito ao establecido polo Regulamento (UE) 2016\/679 do Parlamento Europeo e do Consello, de 27 de abril de 2016, relativo \u00e1 protecci\u00f3n das persoas f\u00edsicas no que respecta ao tratamento de datos persoais e \u00e1 libre circulaci\u00f3n destes datos e polo que se derroga a Directiva 95\/46\/CE (Regulamento xeral de protecci\u00f3n de datos)\u00a0e demais normativa de aplicaci\u00f3n. Os datos achegados polo interesado utilizaranse, con car\u00e1cter \u00fanico e exclusivo, para os fins previstos no procedemento ou actuaci\u00f3n que se trate. En ning\u00fan caso os referidos datos ser\u00e1n obxecto de tratamento ou de cesi\u00f3n a terceiros, se non \u00e9 co consentimento inequ\u00edvoco do afectado.<\/p>\n<p>En cumprimento do disposto no citado Regulamento o cedente dos datos poder\u00e1, en calquera momento, exercitar os dereitos de acceso, rectificaci\u00f3n, cancelaci\u00f3n e oposici\u00f3n na forma que regulamentariamente se determine.<\/p>\n<p>As persoas usuarias deste Portal te\u00f1en \u00e1 s\u00faa disposici\u00f3n toda a informaci\u00f3n relativa ao tratamento dos datos persoais levado a cabo pola Xunta de Galicia, inclu\u00edndo o modo en que poden exercitar os dereitos, o contacto cos Delegados e Delegadas de protecci\u00f3n de datos e demais aspectos segundo os termos esixidos polo Regulamento europeo de protecci\u00f3n de datos persoais, na seguinte ligaz\u00f3n:\u00a0<a href=\"https:\/\/www.xunta.gal\/informacion-xeral-proteccion-datos\">Informaci\u00f3n sobre protecci\u00f3n de datos persoais<\/a>\u00a0(<a href=\"https:\/\/www.xunta.gal\/informacion-xeral-proteccion-datos\">https:\/\/www.xunta.gal\/informacion-xeral-proteccion-datos<\/a><a href=\"https:\/\/www.xunta.gal\/informacion-xeral-proteccion-datos\">).<\/a><\/p>\n<p>&nbsp;<\/p>\n<p><strong>Uso de linguas<\/strong><\/p>\n<p>O artigo 13 da\u00a0<em>Lei 39\/2015, do 1 de outubro, do Procedemento Administrativo Com\u00fan das Administraci\u00f3ns P\u00fablicas<\/em>, garante o exercicio dos dereitos ling\u00fc\u00edsticos reco\u00f1ecidos no ordenamento xur\u00eddico e, en particular, os referidos ao uso do galego nas relaci\u00f3ns da cidadan\u00eda coa Administraci\u00f3n p\u00fablica de Galicia. A estes efectos, o Portal posibilitar\u00e1 o acceso aos seus contidos e servizos en galego e castel\u00e1n.<\/p>\n<p><strong>\u00a0<\/strong><\/p>\n<p><strong>Lei aplicable e xurisdicci\u00f3n<\/strong><\/p>\n<p>Para toda cuesti\u00f3n litixiosa ou que incumba ao Portal, ser\u00e1 de aplicaci\u00f3n a lexislaci\u00f3n espa\u00f1ola, sendo competentes para a resoluci\u00f3n de todos os conflitos derivados ou relacionados co uso do presente Portal, os Xulgados e Tribunais da cidade de Santiago de Compostela.<\/p>\n","protected":false},"excerpt":{"rendered":"<p>&nbsp; Informaci\u00f3n xeral As presentes disposici\u00f3ns regulan o uso do servizo do portal de internet (en diante, o \u201cPortal\u2019) que a Xunta de Galicia pon a disposici\u00f3n dos usuarios de internet. A Xunta de Galicia \u00e9 a titular do subdominio \u201cgemcat.eu\u201d e dos distintos elementos<\/p>\n","protected":false},"author":1,"featured_media":0,"parent":0,"menu_order":0,"comment_status":"closed","ping_status":"closed","template":"","meta":{"inline_featured_image":false,"footnotes":""},"class_list":["post-720","page","type-page","status-publish","hentry"],"_links":{"self":[{"href":"https:\/\/www.gemcat.eu\/gal\/wp-json\/wp\/v2\/pages\/720","targetHints":{"allow":["GET"]}}],"collection":[{"href":"https:\/\/www.gemcat.eu\/gal\/wp-json\/wp\/v2\/pages"}],"about":[{"href":"https:\/\/www.gemcat.eu\/gal\/wp-json\/wp\/v2\/types\/page"}],"author":[{"embeddable":true,"href":"https:\/\/www.gemcat.eu\/gal\/wp-json\/wp\/v2\/users\/1"}],"replies":[{"embeddable":true,"href":"https:\/\/www.gemcat.eu\/gal\/wp-json\/wp\/v2\/comments?post=720"}],"version-history":[{"count":3,"href":"https:\/\/www.gemcat.eu\/gal\/wp-json\/wp\/v2\/pages\/720\/revisions"}],"predecessor-version":[{"id":873,"href":"https:\/\/www.gemcat.eu\/gal\/wp-json\/wp\/v2\/pages\/720\/revisions\/873"}],"wp:attachment":[{"href":"https:\/\/www.gemcat.eu\/gal\/wp-json\/wp\/v2\/media?parent=720"}],"curies":[{"name":"wp","href":"https:\/\/api.w.org\/{rel}","templated":true}]}}