{"id":747,"date":"2017-12-01T15:13:52","date_gmt":"2017-12-01T15:13:52","guid":{"rendered":"http:\/\/www.gemcat.eu\/?page_id=747\/"},"modified":"2018-08-27T13:09:28","modified_gmt":"2018-08-27T13:09:28","slug":"politica-de-cookies","status":"publish","type":"page","link":"https:\/\/www.gemcat.eu\/gal\/politica-de-cookies\/","title":{"rendered":"Pol\u00edtica de cookies"},"content":{"rendered":"<p>Neste sitio web utilizamos cookies, pequenos ficheiros de texto con informaci\u00f3n sobre a s\u00faa navegaci\u00f3n neste sitio, cuxo principal obxectivo \u00e9 mellorar a s\u00faa experiencia na web.<\/p>\n<p>&nbsp;<\/p>\n<p><strong>Que \u00e9 unha cookie?<\/strong><\/p>\n<p>Unha cookie \u00e9 un pequeno ficheiro de texto que un sitio web coloca no seu PC, tel\u00e9fono ou calquera outro dispositivo, con informaci\u00f3n sobre a s\u00faa navegaci\u00f3n no devandito sitio. As cookies son necesarias para facilitar a navegaci\u00f3n e facela m\u00e1is amigable, e non danan o seu ordenador. Se ben na presente pol\u00edtica se utiliza o termo xeral de cookie, pois \u00e9 o principal m\u00e9todo de almacenamento de informaci\u00f3n que emprega esta web, tam\u00e9n se usa o espazo de almacenamento local de navegador para os mesmos prop\u00f3sitos que as cookies. Neste sentido, toda a informaci\u00f3n inclu\u00edda nesta secci\u00f3n \u00e9 aplicable igualmente a este almacenamento local.<\/p>\n<p><strong>\u00a0<\/strong><\/p>\n<p><strong>Para que se utilizan as cookies nesta web?<\/strong><\/p>\n<p>As cookies son unha parte esencial do funcionamento do noso sitio web. O obxectivo principal das nosas cookies \u00e9 mellorar a s\u00faa experiencia na navegaci\u00f3n. Por exemplo, recordar as s\u00faas preferencias (idioma, pa\u00eds etc.) durante a navegaci\u00f3n e en futuras visitas. A informaci\u00f3n recollida nas cookies perm\u00edtenos ademais mellorar a web, mediante estimaci\u00f3ns sobre n\u00fameros e patr\u00f3ns de uso, a adaptaci\u00f3n do sitio web aos intereses individuais dos usuarios, a aceleraci\u00f3n das buscas etc. En ocasi\u00f3ns, se obtivemos previamente o seu consentimento informado, poderemos utilizar cookies, tags ou outros dispositivos similares para obter informaci\u00f3n que nos permita mostrarlle, dende o noso sitio web, os de terceiros, ou calquera outro medio, e publicidade baseada na an\u00e1lise dos seus h\u00e1bitos de navegaci\u00f3n.<\/p>\n<p><strong>\u00a0<\/strong><\/p>\n<p><strong>Para que NON se utilizan as cookies nesta web?<\/strong><\/p>\n<p>N\u00f3s non almacenamos informaci\u00f3n sensible de identificaci\u00f3n persoal como o seu enderezo, o seu contrasinal etc., nas cookies que utilizamos.<\/p>\n<p><strong>\u00a0<\/strong><\/p>\n<p><strong>Quen utiliza a informaci\u00f3n almacenada nas cookies?<\/strong><\/p>\n<p>A informaci\u00f3n almacenada nas cookies do noso sitio web \u00e9 utilizada exclusivamente por n\u00f3s, a excepci\u00f3n das identificadas m\u00e1is adiante como &#8220;cookie de terceiros&#8221;, que se empregan e xestionan por entidades externas para proporcionarnos servizos solicitados por n\u00f3s para mellorar os nosos servizos e a experiencia do usuario ao navegar no noso sitio web. Os principais servizos para os que se utilizan estas &#8220;cookies de terceiros&#8221; son a obtenci\u00f3n de estat\u00edsticas de accesos e garantir as operaci\u00f3ns de pago realizadas.<\/p>\n<p><strong>\u00a0<\/strong><\/p>\n<p><strong>Como podo evitar o uso de cookies neste sitio web?<\/strong><\/p>\n<p>Se vostede prefire evitar o uso de cookies nesta p\u00e1xina, tendo en conta as limitaci\u00f3ns anteriores, debe, en primeiro lugar, deshabilitar no seu navegador o uso de cookies e, en segundo lugar, eliminar as cookies gardadas no seu navegador asociadas a este sitio web. Esta posibilidade de evitar o uso de cookies pode ser levada a cabo por vostede en calquera momento.<\/p>\n<p><strong>\u00a0<\/strong><\/p>\n<p><strong>Como deshabilito e elimino a utilizaci\u00f3n de cookies?<\/strong><\/p>\n<p>Para restrinxir, bloquear ou borrar as cookies deste sitio web pode facelo, en calquera momento, modificando a configuraci\u00f3n do seu navegador conforme \u00e1s pautas que se indican a continuaci\u00f3n. Se ben a parametrizaci\u00f3n de cada navegador \u00e9 diferente, \u00e9 habitual que a configuraci\u00f3n das cookies se realice no men\u00fa de &#8220;Preferencias&#8221; ou &#8220;Ferramentas&#8221;.<\/p>\n<p>A continuaci\u00f3n facilit\u00e1moslle as ligaz\u00f3ns dos principais navegadores e dispositivos para que dispo\u00f1a de toda a informaci\u00f3n sobre como xestionar as cookies no seu navegador.<\/p>\n<p><u>INTERNET EXPLORER:<\/u><u>\u00a0<\/u><\/p>\n<ul>\n<li>Versi\u00f3n 5:\u00a0<a href=\"http:\/\/support.microsoft.com\/kb\/196955\/es\">http:\/\/support.microsoft.com\/kb\/196955\/es<\/a><\/li>\n<li>Versi\u00f3n 6\u00a0<a href=\"http:\/\/support.microsoft.com\/kb\/283185\/es\">http:\/\/support.microsoft.com\/kb\/283185\/es<\/a><\/li>\n<li>Versi\u00f3n 7 y 8: <a href=\"http:\/\/windows.microsoft.com\/es-ES\/windows-vista\/Block-or-allow-cookies\">http:\/\/windows.microsoft.com\/es-ES\/windows-vista\/Block-or-allow-cookies<\/a><\/li>\n<li>Versi\u00f3n 9: <a href=\"http:\/\/windows.microsoft.com\/es-es\/windows7\/how-to-manage-cookies-in-internet-explorer-9\">http:\/\/windows.microsoft.com\/es-es\/windows7\/how-to-manage-cookies-in-internet-explorer-9<\/a><\/li>\n<\/ul>\n<p><u>SAFARI:<\/u><\/p>\n<ul>\n<li><a href=\"http:\/\/support.apple.com\/kb\/PH5042?viewlocale=es_ES\">http:\/\/support.apple.com\/kb\/PH5042?viewlocale=es_ES<\/a><\/li>\n<li><a href=\"http:\/\/support.apple.com\/kb\/HT1677?viewlocale=es_ES\">http:\/\/support.apple.com\/kb\/HT1677?viewlocale=es_ES<\/a><\/li>\n<\/ul>\n<p><u>GOOGLE CHROME<\/u>:<\/p>\n<ul>\n<li><a href=\"https:\/\/support.google.com\/chrome\/answer\/95647?hl=es&amp;hlrm=en\">https:\/\/support.google.com\/chrome\/answer\/95647?hl=es&amp;hlrm=en<\/a><\/li>\n<\/ul>\n<p><u>FIREFOX:<\/u><\/p>\n<ul>\n<li><a href=\"http:\/\/support.mozilla.org\/es\/kb\/cookies-informacion-que-los-sitios-web-guardan-en-?redirectlocale=en-US&amp;redirectslug=Cookies\">http:\/\/support.mozilla.org\/es\/kb\/cookies-informacion-que-los-sitios-web-guardan-en-?redirectlocale=en-US&amp;redirectslug=Cookies<\/a><\/li>\n<\/ul>\n<p><u>OPERA:<\/u><\/p>\n<ul>\n<li><a href=\"http:\/\/help.opera.com\/Windows\/11.50\/es-ES\/cookies.html\">http:\/\/help.opera.com\/Windows\/11.50\/es-ES\/cookies.html<\/a><\/li>\n<\/ul>\n<p><u>ANDROID:<\/u><\/p>\n<ul>\n<li><a href=\"http:\/\/support.google.com\/android\/?hl=es\">http:\/\/support.google.com\/android\/?hl=es<\/a><\/li>\n<\/ul>\n<p><u>WINDOWS PHONE<\/u><\/p>\n<ul>\n<li><a href=\"http:\/\/www.windowsphone.com\/es-ES\/how-to\/wp7\/web\/changing-privacy-and-other-browser-settings\">http:\/\/www.windowsphone.com\/es-ES\/how-to\/wp7\/web\/changing-privacy-and-other-browser-settings<\/a><\/li>\n<\/ul>\n<p><u>BLACKBERRY<\/u><u>\u00a0<\/u><\/p>\n<ul>\n<li><a href=\"http:\/\/docs.blackberry.com\/en\/smartphone_users\/deliverables\/1857\/Turn_off_cookies_in_the_browser_60_1072866_11.jsp\">http:\/\/docs.blackberry.com\/en\/smartphone_users\/deliverables\/1857\/Turn_off_cookies_in_the_browser_60_1072866_11.jsp<\/a><\/li>\n<\/ul>\n<p><strong>\u00a0<\/strong><\/p>\n<p><strong>Actualizaci\u00f3n da pol\u00edtica de cookies\u00a0<\/strong><\/p>\n<p>\u00c9 posible que actualicemos a pol\u00edtica de cookies do noso sitio web, por iso recomend\u00e1moslle revisar esta pol\u00edtica cada vez que acceda a este co obxectivo de estar adecuadamente informado sobre como e para que usamos as cookies.<\/p>\n<p>&nbsp;<\/p>\n","protected":false},"excerpt":{"rendered":"<p>Neste sitio web utilizamos cookies, pequenos ficheiros de texto con informaci\u00f3n sobre a s\u00faa navegaci\u00f3n neste sitio, cuxo principal obxectivo \u00e9 mellorar a s\u00faa experiencia na web. &nbsp; Que \u00e9 unha cookie? Unha cookie \u00e9 un pequeno ficheiro de texto que un sitio web coloca<\/p>\n","protected":false},"author":1,"featured_media":0,"parent":0,"menu_order":0,"comment_status":"closed","ping_status":"closed","template":"","meta":{"inline_featured_image":false,"footnotes":""},"class_list":["post-747","page","type-page","status-publish","hentry"],"_links":{"self":[{"href":"https:\/\/www.gemcat.eu\/gal\/wp-json\/wp\/v2\/pages\/747","targetHints":{"allow":["GET"]}}],"collection":[{"href":"https:\/\/www.gemcat.eu\/gal\/wp-json\/wp\/v2\/pages"}],"about":[{"href":"https:\/\/www.gemcat.eu\/gal\/wp-json\/wp\/v2\/types\/page"}],"author":[{"embeddable":true,"href":"https:\/\/www.gemcat.eu\/gal\/wp-json\/wp\/v2\/users\/1"}],"replies":[{"embeddable":true,"href":"https:\/\/www.gemcat.eu\/gal\/wp-json\/wp\/v2\/comments?post=747"}],"version-history":[{"count":6,"href":"https:\/\/www.gemcat.eu\/gal\/wp-json\/wp\/v2\/pages\/747\/revisions"}],"predecessor-version":[{"id":889,"href":"https:\/\/www.gemcat.eu\/gal\/wp-json\/wp\/v2\/pages\/747\/revisions\/889"}],"wp:attachment":[{"href":"https:\/\/www.gemcat.eu\/gal\/wp-json\/wp\/v2\/media?parent=747"}],"curies":[{"name":"wp","href":"https:\/\/api.w.org\/{rel}","templated":true}]}}