{"id":559,"date":"2017-11-30T12:33:01","date_gmt":"2017-11-30T12:33:01","guid":{"rendered":"http:\/\/www.gemcat.eu\/demografia-y-conciliacion-creacion-de-un-comite-pluriregional-de-trabajo\/"},"modified":"2017-12-01T10:54:25","modified_gmt":"2017-12-01T10:54:25","slug":"demografia-e-conciliacao-criacao-de-um-comite-pluriregional-de-trabalho","status":"publish","type":"page","link":"https:\/\/www.gemcat.eu\/pt-pt\/demografia-e-conciliacao-criacao-de-um-comite-pluriregional-de-trabalho\/","title":{"rendered":"Demografia e concilia\u00e7\u00e3o &#8211; Cria\u00e7\u00e3o de um comit\u00e9 *pluriregional de trabalho"},"content":{"rendered":"<section class=\"wpb-content-wrapper\"><p>[vc_row css_animation=&#8221;&#8221; row_type=&#8221;row&#8221; use_row_as_full_screen_section=&#8221;no&#8221; type=&#8221;full_width&#8221; angled_section=&#8221;no&#8221; text_align=&#8221;left&#8221; background_image_as_pattern=&#8221;without_pattern&#8221; el_class=&#8221;bloque-actividades-individuales&#8221;][vc_column width=&#8221;1\/3&#8243;][vc_raw_html]JTNDZGl2JTIwY2xhc3MlM0QlMjJpY29uX2xpc3RfaWNvbl9pY29ub2dyYWZpYSUyMiUyMGRhdGEtYW5pbWF0aW9uJTNEJTIyJTIyJTIwZGF0YS1hbmltYXRpb24tZGVsYXklM0QlMjIwMyUyMiUyMHN0eWxlJTNEJTIyZm9udC1zaXplJTNBMjRweCUzQmJvcmRlci13aWR0aCUzQTZweCUzQmJvcmRlci1zdHlsZSUzQXNvbGlkJTNCYmFja2dyb3VuZCUzQSUyMzA4NGQ2ZSUzQmNvbG9yJTNBJTIzZmZmZmZmJTNCYm9yZGVyLWNvbG9yJTNBJTIzMjU4OWJiJTNCJTIyJTNFJTNDaW1nJTIwY2xhc3MlM0QlMjJsaXN0LWltZy1pY29uJTIyJTIwYWx0JTNEJTIybnVsbCUyMiUyMHNyYyUzRCUyMmh0dHAlM0ElMkYlMkZ3d3cuZ2VtY2F0LmV1JTJGd3AtY29udGVudCUyRnVwbG9hZHMlMkYyMDE3JTJGMTElMkZSZWN1cnNvLTMucG5nJTIyJTNFJTNDJTJGZGl2JTNF[\/vc_raw_html][\/vc_column][vc_column width=&#8221;2\/3&#8243;][vc_column_text]<\/p>\n<h3>Cria\u00e7\u00e3o de um comit\u00e9 *pluriregional de trabalho<\/h3>\n<p>Criar-se-\u00e1 um comit\u00e9 *pluriregional de trabalho para a an\u00e1lise da evolu\u00e7\u00e3o demogr\u00e1fica do espa\u00e7o fronteiri\u00e7o e conhecer as tend\u00eancias e o grau de envelhecimento e *natalidad na popula\u00e7\u00e3o do espa\u00e7o transfronteiri\u00e7o.<\/p>\n<p>O comit\u00e9 *pluriregional estar\u00e1 integrado no m\u00ednimo por um t\u00e9cnico da cada um dos s\u00f3cios do *Partenariado do projeto e ser\u00e1 o encarregado de:<\/p>\n<ul>\n<li>Estabelecer as condi\u00e7\u00f5es t\u00e9cnicas necess\u00e1rias para o desenvolvimentoda atividade<\/li>\n<li>Fazer um seguimento completo do programa de trabalhocorrespondente \u00e0 atividade para assegurar uma \u00f3tima execu\u00e7\u00e3o operativa do projeto<\/li>\n<\/ul>\n<p>O comit\u00e9 realizar\u00e1 reuni\u00f5es peri\u00f3dicas para analisar os dados e informa\u00e7\u00e3o procedente de observat\u00f3rios tem\u00e1ticos e publica\u00e7\u00f5es dos territ\u00f3rios aderidos ao projeto e poder realizar diagn\u00f3stico e identifica\u00e7\u00e3o de tend\u00eancias para o desenho\/desenho de pol\u00edticas.[\/vc_column_text][\/vc_column][\/vc_row]<\/p>\n<\/section>","protected":false},"excerpt":{"rendered":"<p>[vc_row css_animation=&#8221;&#8221; row_type=&#8221;row&#8221; use_row_as_full_screen_section=&#8221;no&#8221; type=&#8221;full_width&#8221; angled_section=&#8221;no&#8221; text_align=&#8221;left&#8221; background_image_as_pattern=&#8221;without_pattern&#8221; el_class=&#8221;bloque-actividades-individuales&#8221;][vc_column width=&#8221;1\/3&#8243;][vc_raw_html]JTNDZGl2JTIwY2xhc3MlM0QlMjJpY29uX2xpc3RfaWNvbl9pY29ub2dyYWZpYSUyMiUyMGRhdGEtYW5pbWF0aW9uJTNEJTIyJTIyJTIwZGF0YS1hbmltYXRpb24tZGVsYXklM0QlMjIwMyUyMiUyMHN0eWxlJTNEJTIyZm9udC1zaXplJTNBMjRweCUzQmJvcmRlci13aWR0aCUzQTZweCUzQmJvcmRlci1zdHlsZSUzQXNvbGlkJTNCYmFja2dyb3VuZCUzQSUyMzA4NGQ2ZSUzQmNvbG9yJTNBJTIzZmZmZmZmJTNCYm9yZGVyLWNvbG9yJTNBJTIzMjU4OWJiJTNCJTIyJTNFJTNDaW1nJTIwY2xhc3MlM0QlMjJsaXN0LWltZy1pY29uJTIyJTIwYWx0JTNEJTIybnVsbCUyMiUyMHNyYyUzRCUyMmh0dHAlM0ElMkYlMkZ3d3cuZ2VtY2F0LmV1JTJGd3AtY29udGVudCUyRnVwbG9hZHMlMkYyMDE3JTJGMTElMkZSZWN1cnNvLTMucG5nJTIyJTNFJTNDJTJGZGl2JTNF[\/vc_raw_html][\/vc_column][vc_column width=&#8221;2\/3&#8243;][vc_column_text] Cria\u00e7\u00e3o de um comit\u00e9 *pluriregional de trabalho Criar-se-\u00e1 um comit\u00e9 *pluriregional de trabalho para a an\u00e1lise da evolu\u00e7\u00e3o demogr\u00e1fica do espa\u00e7o fronteiri\u00e7o e conhecer as tend\u00eancias e o grau de envelhecimento e *natalidad na<\/p>\n","protected":false},"author":1,"featured_media":0,"parent":0,"menu_order":0,"comment_status":"closed","ping_status":"closed","template":"","meta":{"inline_featured_image":false,"footnotes":""},"class_list":["post-559","page","type-page","status-publish","hentry"],"_links":{"self":[{"href":"https:\/\/www.gemcat.eu\/pt-pt\/wp-json\/wp\/v2\/pages\/559","targetHints":{"allow":["GET"]}}],"collection":[{"href":"https:\/\/www.gemcat.eu\/pt-pt\/wp-json\/wp\/v2\/pages"}],"about":[{"href":"https:\/\/www.gemcat.eu\/pt-pt\/wp-json\/wp\/v2\/types\/page"}],"author":[{"embeddable":true,"href":"https:\/\/www.gemcat.eu\/pt-pt\/wp-json\/wp\/v2\/users\/1"}],"replies":[{"embeddable":true,"href":"https:\/\/www.gemcat.eu\/pt-pt\/wp-json\/wp\/v2\/comments?post=559"}],"version-history":[{"count":4,"href":"https:\/\/www.gemcat.eu\/pt-pt\/wp-json\/wp\/v2\/pages\/559\/revisions"}],"predecessor-version":[{"id":679,"href":"https:\/\/www.gemcat.eu\/pt-pt\/wp-json\/wp\/v2\/pages\/559\/revisions\/679"}],"wp:attachment":[{"href":"https:\/\/www.gemcat.eu\/pt-pt\/wp-json\/wp\/v2\/media?parent=559"}],"curies":[{"name":"wp","href":"https:\/\/api.w.org\/{rel}","templated":true}]}}