{"id":580,"date":"2017-11-30T12:46:42","date_gmt":"2017-11-30T12:46:42","guid":{"rendered":"http:\/\/www.gemcat.eu\/responsabilidad-social-empresarial-agenda-de-rse-transfronteriza\/"},"modified":"2017-12-01T10:44:31","modified_gmt":"2017-12-01T10:44:31","slug":"responsabilidad-social-empresarial-agenda-de-rse-transfronteirica","status":"publish","type":"page","link":"https:\/\/www.gemcat.eu\/pt-pt\/responsabilidad-social-empresarial-agenda-de-rse-transfronteirica\/","title":{"rendered":"Responsabilidad Social Empresarial &#8211; Agenda de *RSE Transfronteiri\u00e7a"},"content":{"rendered":"<section class=\"wpb-content-wrapper\"><p>[vc_row css_animation=&#8221;&#8221; row_type=&#8221;row&#8221; use_row_as_full_screen_section=&#8221;no&#8221; type=&#8221;full_width&#8221; angled_section=&#8221;no&#8221; text_align=&#8221;left&#8221; background_image_as_pattern=&#8221;without_pattern&#8221; el_class=&#8221;bloque-actividades-individuales&#8221;][vc_column width=&#8221;1\/3&#8243;][vc_raw_html]JTNDZGl2JTIwY2xhc3MlM0QlMjJpY29uX2xpc3RfaWNvbl9pY29ub2dyYWZpYSUyMiUyMGRhdGEtYW5pbWF0aW9uJTNEJTIyJTIyJTIwZGF0YS1hbmltYXRpb24tZGVsYXklM0QlMjIwMyUyMiUyMHN0eWxlJTNEJTIyZm9udC1zaXplJTNBMjRweCUzQmJvcmRlci13aWR0aCUzQTZweCUzQmJvcmRlci1zdHlsZSUzQXNvbGlkJTNCYmFja2dyb3VuZCUzQSUyMzA4NGQ2ZSUzQmNvbG9yJTNBJTIzZmZmZmZmJTNCYm9yZGVyLWNvbG9yJTNBJTIzMjU4OWJiJTNCJTIyJTNFJTNDaW1nJTIwY2xhc3MlM0QlMjJsaXN0LWltZy1pY29uJTIyJTIwYWx0JTNEJTIybnVsbCUyMiUyMHNyYyUzRCUyMmh0dHAlM0ElMkYlMkZ3d3cuZ2VtY2F0LmV1JTJGd3AtY29udGVudCUyRnVwbG9hZHMlMkYyMDE3JTJGMTElMkZhY3RpdmFkYWQtcnNlLTEucG5nJTIyJTNFJTNDJTJGZGl2JTNF[\/vc_raw_html][\/vc_column][vc_column width=&#8221;2\/3&#8243;][vc_column_text]<\/p>\n<h3>Agenda de *RSE Transfronteiri\u00e7a<\/h3>\n<p>Para a elabora\u00e7\u00e3o da Agenda *RSE Transfronteiri\u00e7a, criar-se-\u00e1 um grupo interno de trabalho *pluriregional integrado por um t\u00e9cnico da cada um dos s\u00f3cios do *partenariado do projeto com o objetivo de estabelecer as condi\u00e7\u00f5es t\u00e9cnicas necess\u00e1rias para o desenvolvimento da atividade e fazer um seguimento completo do programa de trabalho a realizar. O grupo interno realizar\u00e1 reuni\u00f5es peri\u00f3dicas para analisar os dados e informa\u00e7\u00e3o procedente de observat\u00f3rios tem\u00e1ticos e publica\u00e7\u00f5es dos territ\u00f3rios aderidos ao projeto e poder abordar o diagn\u00f3stico e a identifica\u00e7\u00e3o de tend\u00eancias para o desenho\/desenho de instrumentos p\u00fablico \u2013 privados em mat\u00e9ria de *RSE.<\/p>\n<p>Em base ao estudo pormenorizado da informa\u00e7\u00e3o facilitada pelo grupo de trabalho interno a respeito de: boas pr\u00e1ticas, ferramentas, recomenda\u00e7\u00f5es gerais de *RSE e instrumentos p\u00fablico- privados de apoio ao financiamento de projetos socialmente respons\u00e1veis existentes na cada um dos territ\u00f3rios aos que pertencem os s\u00f3cios que conformam o projeto e ao exaustivo estudo bibliogr\u00e1fico por m\u00e9dio do qual se leva a cabo a identifica\u00e7\u00e3o e a an\u00e1lise das diferentes fontes e experi\u00eancias pr\u00e9vias, elaborar-se-\u00e1 a Agenda de *RSE Transfronteiri\u00e7o com o objetivo de marcar as linhas estrat\u00e9gicas bem como instrumentos p\u00fablico privados de apoio ao financiamento de projetos transfronteiri\u00e7os socialmente respons\u00e1veis para assegurar a cria\u00e7\u00e3o de um emprego de qualidade e sustent\u00e1vel por m\u00e9dioda *RSE no territ\u00f3rio transfronteiri\u00e7o de Espanha e Portugal.[\/vc_column_text][\/vc_column][\/vc_row]<\/p>\n<\/section>","protected":false},"excerpt":{"rendered":"<p>[vc_row css_animation=&#8221;&#8221; row_type=&#8221;row&#8221; use_row_as_full_screen_section=&#8221;no&#8221; type=&#8221;full_width&#8221; angled_section=&#8221;no&#8221; text_align=&#8221;left&#8221; background_image_as_pattern=&#8221;without_pattern&#8221; el_class=&#8221;bloque-actividades-individuales&#8221;][vc_column width=&#8221;1\/3&#8243;][vc_raw_html]JTNDZGl2JTIwY2xhc3MlM0QlMjJpY29uX2xpc3RfaWNvbl9pY29ub2dyYWZpYSUyMiUyMGRhdGEtYW5pbWF0aW9uJTNEJTIyJTIyJTIwZGF0YS1hbmltYXRpb24tZGVsYXklM0QlMjIwMyUyMiUyMHN0eWxlJTNEJTIyZm9udC1zaXplJTNBMjRweCUzQmJvcmRlci13aWR0aCUzQTZweCUzQmJvcmRlci1zdHlsZSUzQXNvbGlkJTNCYmFja2dyb3VuZCUzQSUyMzA4NGQ2ZSUzQmNvbG9yJTNBJTIzZmZmZmZmJTNCYm9yZGVyLWNvbG9yJTNBJTIzMjU4OWJiJTNCJTIyJTNFJTNDaW1nJTIwY2xhc3MlM0QlMjJsaXN0LWltZy1pY29uJTIyJTIwYWx0JTNEJTIybnVsbCUyMiUyMHNyYyUzRCUyMmh0dHAlM0ElMkYlMkZ3d3cuZ2VtY2F0LmV1JTJGd3AtY29udGVudCUyRnVwbG9hZHMlMkYyMDE3JTJGMTElMkZhY3RpdmFkYWQtcnNlLTEucG5nJTIyJTNFJTNDJTJGZGl2JTNF[\/vc_raw_html][\/vc_column][vc_column width=&#8221;2\/3&#8243;][vc_column_text] Agenda de *RSE Transfronteiri\u00e7a Para a elabora\u00e7\u00e3o da Agenda *RSE Transfronteiri\u00e7a, criar-se-\u00e1 um grupo interno de trabalho *pluriregional integrado por um t\u00e9cnico da cada um dos s\u00f3cios do *partenariado do projeto com o objetivo<\/p>\n","protected":false},"author":1,"featured_media":0,"parent":0,"menu_order":0,"comment_status":"closed","ping_status":"closed","template":"","meta":{"inline_featured_image":false,"footnotes":""},"class_list":["post-580","page","type-page","status-publish","hentry"],"_links":{"self":[{"href":"https:\/\/www.gemcat.eu\/pt-pt\/wp-json\/wp\/v2\/pages\/580","targetHints":{"allow":["GET"]}}],"collection":[{"href":"https:\/\/www.gemcat.eu\/pt-pt\/wp-json\/wp\/v2\/pages"}],"about":[{"href":"https:\/\/www.gemcat.eu\/pt-pt\/wp-json\/wp\/v2\/types\/page"}],"author":[{"embeddable":true,"href":"https:\/\/www.gemcat.eu\/pt-pt\/wp-json\/wp\/v2\/users\/1"}],"replies":[{"embeddable":true,"href":"https:\/\/www.gemcat.eu\/pt-pt\/wp-json\/wp\/v2\/comments?post=580"}],"version-history":[{"count":2,"href":"https:\/\/www.gemcat.eu\/pt-pt\/wp-json\/wp\/v2\/pages\/580\/revisions"}],"predecessor-version":[{"id":669,"href":"https:\/\/www.gemcat.eu\/pt-pt\/wp-json\/wp\/v2\/pages\/580\/revisions\/669"}],"wp:attachment":[{"href":"https:\/\/www.gemcat.eu\/pt-pt\/wp-json\/wp\/v2\/media?parent=580"}],"curies":[{"name":"wp","href":"https:\/\/api.w.org\/{rel}","templated":true}]}}